{"id":977,"date":"2020-05-02T14:05:21","date_gmt":"2020-05-02T12:05:21","guid":{"rendered":"https:\/\/pwlech.net\/wp01\/?page_id=977"},"modified":"2020-05-02T14:21:19","modified_gmt":"2020-05-02T12:21:19","slug":"informacje-o-przetwarzaniu-danych-osobowych","status":"publish","type":"page","link":"https:\/\/pwlech.net\/wp01\/informacje-o-przetwarzaniu-danych-osobowych\/","title":{"rendered":"INFORMACJE O PRZETWARZANIU DANYCH OSOBOWYCH"},"content":{"rendered":"<p>[et_pb_section fb_built=&#8221;1&#8243; _builder_version=&#8221;4.4.1&#8243; use_background_color_gradient=&#8221;on&#8221; background_color_gradient_start=&#8221;rgba(0,0,0,0.76)&#8221; background_color_gradient_end=&#8221;rgba(0,0,0,0.43)&#8221; background_color_gradient_direction=&#8221;45deg&#8221; background_color_gradient_overlays_image=&#8221;on&#8221; background_image=&#8221;https:\/\/pwlech.net\/wp01\/wp-content\/uploads\/2020\/03\/budlex-1.jpg&#8221; custom_padding=&#8221;6vw|0px|6vw|0px|true|false&#8221;][et_pb_row _builder_version=&#8221;3.25&#8243;][et_pb_column type=&#8221;4_4&#8243; _builder_version=&#8221;3.25&#8243; custom_padding=&#8221;|||&#8221; custom_padding__hover=&#8221;|||&#8221;][et_pb_text _builder_version=&#8221;4.4.1&#8243; text_font=&#8221;||||||||&#8221; text_font_size=&#8221;18px&#8221; text_line_height=&#8221;2em&#8221; ul_font=&#8221;||||||||&#8221; ol_font=&#8221;||||||||&#8221; header_font=&#8221;Exo|700|||||||&#8221; header_font_size=&#8221;60px&#8221; header_line_height=&#8221;1.2em&#8221; header_2_font=&#8221;||||||||&#8221; header_3_font=&#8221;||||||||&#8221; header_4_font=&#8221;||||||||&#8221; header_5_font=&#8221;||||||||&#8221; header_6_font=&#8221;||||||||&#8221; text_orientation=&#8221;center&#8221; background_layout=&#8221;dark&#8221; module_alignment=&#8221;center&#8221; custom_margin=&#8221;|||&#8221; hover_enabled=&#8221;0&#8243; text_font_size_tablet=&#8221;&#8221; text_font_size_phone=&#8221;16px&#8221; text_font_size_last_edited=&#8221;on|phone&#8221; header_font_size_tablet=&#8221;50px&#8221; header_font_size_phone=&#8221;40px&#8221; header_font_size_last_edited=&#8221;on|phone&#8221; locked=&#8221;off&#8221;]<\/p>\n<h1>INFORMACJE O PRZETWARZANIU DANYCH OSOBOWYCH<\/h1>\n<p>[\/et_pb_text][\/et_pb_column][\/et_pb_row][\/et_pb_section][et_pb_section fb_built=&#8221;1&#8243; _builder_version=&#8221;4.4.1&#8243;][et_pb_row _builder_version=&#8221;4.4.1&#8243;][et_pb_column type=&#8221;4_4&#8243; _builder_version=&#8221;4.4.1&#8243;][et_pb_text _builder_version=&#8221;4.4.1&#8243; text_font_size=&#8221;18px&#8221; text_line_height=&#8221;1.4em&#8221; ol_line_height=&#8221;1.5em&#8221;]<\/p>\n<p>Ochrona danych osobowych stanowi dla nas znak jako\u015bci uwzgl\u0119dniaj\u0105cy potrzeby klienta. Ochrona Pa\u0144stwa danych osobowych oraz przestrzeganie Pa\u0144stwa praw d\u00f3br osobistych jest dla nas istotne.<\/p>\n<p>Na podstawie niniejszego o\u015bwiadczenia o ochronie danych osobowych chcieliby\u015bmy w spos\u00f3b przejrzysty poinformowa\u0107 wszystkich odwiedzaj\u0105cych nasz\u0105 stron\u0119 internetow\u0105 o rodzaju, zakresie oraz celu pobieranych, wykorzystywanych i przetwarzanych przez nas danych osobowych oraz pouczy\u0107 o przys\u0142uguj\u0105cych Pa\u0144stwu prawach.<\/p>\n<p>Korzystanie z naszej strony internetowej jest co do zasady mo\u017cliwe bez podawania danych osobowych. Je\u015bli jednak chcieliby\u015bcie Pa\u0144stwo skorzysta\u0107 z us\u0142ug Sp\u00f3\u0142ki za po\u015brednictwem naszej strony internetowej, przetwarzanie Pa\u0144stwa danych osobowych mo\u017ce okaza\u0107 si\u0119 konieczne.<\/p>\n<p>Dane podawane przez Pa\u0144stwa w przypadku korzystania z naszych us\u0142ug przetwarzane s\u0105 zgodnie z ka\u017cdorazowo aktualnymi regulacjami ustawowymi dotycz\u0105cymi ochrony danych osobowych.<\/p>\n<p>Je\u015bli przetwarzanie Pa\u0144stwa danych osobowych jest konieczne a nie ma ustawowych podstaw do takiego przetwarzania, pozyskujemy co do zasady zgod\u0119 niezb\u0119dn\u0105 do przetwarzania danych.<\/p>\n<p>Jako Sp\u00f3\u0142ka odpowiedzialne za przetwarzanie danych ustalili\u015bmy \u015brodki techniczne<br \/>i organizacyjne w celu zagwarantowania jak najwy\u017cszego poziomu ochrony Pa\u0144stwa danych osobowych.<\/p>\n<p>Je\u015bli chcieliby\u015bcie Pa\u0144stwo skorzysta\u0107 z us\u0142ug naszej Sp\u00f3\u0142ki nie przekazuj\u0105c w tym celu danych za po\u015brednictwem strony internetowej, mo\u017cliwe jest nawi\u0105zanie z nami kontaktu telefonicznego.<\/p>\n<p><strong>Sk\u0105d mamy Pa\u0144stwa dane?<\/strong><\/p>\n<p>Pa\u0144stwa dane pozyskali\u015bmy:<br \/>\u2022 bezpo\u015brednio od Pa\u0144stwa,<br \/>\u2022 ze \u017ar\u00f3de\u0142 publicznie dost\u0119pnych, np. z Krajowego Rejestru S\u0105dowego, Centralnej Ewidencji i Informacji o Dzia\u0142alno\u015bci Gospodarczej czy innych podobnych \u017ar\u00f3de\u0142.<\/p>\n<p><strong>Kto jest administratorem Pa\u0144stwa danych?<\/strong><\/p>\n<p>PW LECH<br \/>SP\u00d3\u0141KA Z OGRANICZON\u0104 ODPOWIEDZIALNO\u015aCI\u0104<br \/>85-833 Bydgoszcz, ul. Smole\u0144ska 1a<\/p>\n<p><strong>Jakie dane przetwarzamy?<\/strong><\/p>\n<p>Sp\u00f3\u0142ka przetwarza nast\u0119puj\u0105ce kategorie danych:<br \/>\u2022 dane kontaktowe;<br \/>\u2022 dane wymagane do identyfikacji na potrzeby zawarcia umowy, wykonania us\u0142ugi i wystawienia faktury;<\/p>\n<p><strong>Do czego b\u0119dziemy u\u017cywa\u0107 Pa\u0144stwa danych osobowych?<\/strong><\/p>\n<p>Pa\u0144stwa dane osobowe b\u0119dziemy przetwarza\u0107 w jednym lub wi\u0119cej spo\u015br\u00f3d nast\u0119puj\u0105cych cel\u00f3w:<br \/>\u2022 celem spe\u0142nienia wymaga\u0144 prawnych zwi\u0105zanych z zatrudnieniem<br \/>\u2022 w celu realizacji dzia\u0142a\u0144 wykonywanych na Pa\u0144stwa \u017c\u0105danie przed zawarciem umowy,<br \/>\u2022 w celu zawarcia i wykonania umowy, kt\u00f3r\u0105 zawarli Pa\u0144stwo ze Sp\u00f3\u0142k\u0105,<br \/>\u2022 w celu wype\u0142nienia obowi\u0105zku prawnego ci\u0105\u017c\u0105cego na Sp\u00f3\u0142ce, np. spe\u0142nienia obowi\u0105zk\u00f3w w przy wystawienia faktury lub rachunku,<br \/>\u2022 w celach marketingowych produkt\u00f3w i us\u0142ug Sp\u00f3\u0142ki,<\/p>\n<p>Je\u017celi wyra\u017c\u0105 Pa\u0144stwo tak\u0105 zgod\u0119 i wy\u0142\u0105cznie w zakresie, na jaki si\u0119 Pa\u0144stwo zgodz\u0105, b\u0119dziemy przetwarza\u0107 Pa\u0144stwa dane:<br \/>\u2022 w celu marketingu podmiot\u00f3w trzecich,<br \/>\u2022 w celu udost\u0119pnienia Pa\u0144stwa danych osobowych przedsi\u0119biorcom, z kt\u00f3rymi Sp\u00f3\u0142ka wsp\u00f3\u0142pracuje, by mogli oni je wykorzystywa\u0107 w celach marketingowych,<br \/>\u2022 w celu prowadzenia nast\u0119puj\u0105cych rodzaj\u00f3w bada\u0144 rynku i opinii: badania ilo\u015bciowe (ankiety i testy) lub badania jako\u015bciowe (wywiady osobiste).<\/p>\n<p><strong>Czy maj\u0105 Pa\u0144stwo obowi\u0105zek poda\u0107 dane osobowe?<\/strong><\/p>\n<p>W zakresie przetwarzania danych celem zatrudnienia, podanie danych jest obowi\u0105zkowe i wynika z wymaga\u0144 ustawy Kodeks pracy. Brak podania danych uniemo\u017cliwia zatrudnienie w Sp\u00f3\u0142ce.<\/p>\n<p>W zakresie, w jakim przetwarzanie Pa\u0144stwa danych nast\u0119puje w celu wykonania umowy ze Sp\u00f3\u0142k\u0105, podanie przez Pa\u0144stwa danych jest warunkiem zawarcia tej umowy. Podanie danych ma charakter dobrowolny, lecz jest niezb\u0119dne do zawarcia i wykonania umowy. W przypadku niepodania danych osobowych umowa nie b\u0119dzie zawarta. Podanie danych niezb\u0119dnych do wystawienia faktury jest obowi\u0105zkiem ustawowym i wynika z Ustawy o podatku od towar\u00f3w i us\u0142ug.<\/p>\n<p>W pozosta\u0142ym zakresie podanie danych osobowych jest dobrowolne, nie jest wymogiem ustawowym lub umownym oraz nie stanowi warunku zawarcia umowy.<\/p>\n<p><strong>Jak cofn\u0105\u0107 zgod\u0119?<\/strong><\/p>\n<p>Mo\u017cna wyrazi\u0107 zar\u00f3wno wszystkie zgody lub niekt\u00f3re z nich, jak i nie wyrazi\u0107 \u017cadnej.<\/p>\n<p>W ka\u017cdej chwili mog\u0105 Pa\u0144stwo cofn\u0105\u0107 ka\u017cd\u0105 zgod\u0119 udzielon\u0105 Sp\u00f3\u0142ce w zwi\u0105zku z przetwarzaniem danych osobowych bez ponoszenia negatywnych konsekwencji. Wystarczy wys\u0142a\u0107 e-mail, zadzwoni\u0107 lub przes\u0142a\u0107 wiadomo\u015b\u0107 poczt\u0105 tradycyjn\u0105 na dane kontaktowe. Wol\u0119 cofni\u0119cia zgody mo\u017cna wyrazi\u0107 w dowolny spos\u00f3b, jedynym warunkiem jest, aby dotar\u0142a ona do naszej wiadomo\u015bci. Cofni\u0119cie zgody nie wp\u0142ywa na zgodno\u015b\u0107 z prawem przetwarzania Pa\u0144stwa danych przed jego dokonaniem, tzn. do momentu cofni\u0119cia zgody przetwarzanie Pa\u0144stwa danych przez Sp\u00f3\u0142k\u0119 jest legalne.<\/p>\n<p><strong>Jak skontaktowa\u0107 si\u0119 z naszym inspektorem ochrony danych osobowych?<\/strong><\/p>\n<p>Mo\u017cna to zrobi\u0107 e-mailowo pod adres arnold.partner@gmail.com.<\/p>\n<p><strong>Na jakiej podstawie b\u0119dziemy przetwarza\u0107 Pa\u0144stwa dane osobowe?<\/strong><\/p>\n<p>W przypadku przetwarzania danych osobowych, w zwi\u0105zku z kt\u00f3rym pozyskujemy zgod\u0119 os\u00f3b, kt\u00f3rych dane s\u0105 przetwarzane, podstaw\u0119 prawn\u0105 stanowi art. 6 ust. 1, zdanie 1a) zasadniczego rozporz\u0105dzenia o ochronie danych osobowych.<\/p>\n<p>W przypadku przetwarzania danych osobowych niezb\u0119dnych do wykonania umowy, w kt\u00f3rej stron\u0105 umowy jest osoba, kt\u00f3rej dane s\u0105 przetwarzane, podstaw\u0119 prawn\u0105 stanowi art.6 ust. 1, zdanie 1b) zasadniczego rozporz\u0105dzenia o ochronie danych osobowych. Regulacja ta obejmuje r\u00f3wnie\u017c zdarzenia dotycz\u0105ce przetwarzania danych, kt\u00f3re s\u0105 niezb\u0119dne do realizacji dzia\u0142a\u0144 sprzed zawarcia umowy.<\/p>\n<p>Je\u015bli przetwarzanie danych osobowych jest konieczne do spe\u0142nienia zobowi\u0105zania prawnego, kt\u00f3remu podlega nasze przedsi\u0119biorstwo, podstaw\u0119 prawn\u0105 stanowi art. 6 ust. 1, zdanie 1c) zasadniczego rozporz\u0105dzenia o ochronie danych osobowych.<br \/>Je\u015bli przetwarzanie danych jest niezb\u0119dne do zachowania uprawnionego interesu naszego przedsi\u0119biorstwa lub osoby trzeciej oraz je\u015bli interesy, podstawowe prawa i wolno\u015bci osoby, kt\u00f3rej dotyczy przetwarzanie danych, nie przewy\u017cszaj\u0105 interesu wymienionego w pierwszej kolejno\u015bci, wtedy podstaw\u0119 prawn\u0105 do przetwarzania danych stanowi art. 6 ust. 1, zdane 1f) zasadniczego rozporz\u0105dzenia o ochronie danych osobowych. Uprawniony interes naszej Sp\u00f3\u0142ki le\u017cy w realizacji naszej dzia\u0142alno\u015bci handlowej oraz analizie, optymalizacji i zachowaniu bezpiecze\u0144stwa naszej oferty internetowej.<\/p>\n<p><strong>Kiedy i komu mo\u017cemy przekaza\u0107 dane, a komu na pewno ich nie przeka\u017cemy?<\/strong><\/p>\n<p>Je\u017celi wyra\u017c\u0105 Pa\u0144stwo tak\u0105 zgod\u0119, udost\u0119pnimy Pa\u0144stwa dane osobowe przedsi\u0119biorcom, z kt\u00f3rymi Sp\u00f3\u0142ka wsp\u00f3\u0142pracuje, by mogli oni je wykorzystywa\u0107 w celach marketingowych. Dane udost\u0119pnimy tylko tym Partnerom, na kt\u00f3rych Pa\u0144stwo si\u0119 zgodz\u0105.<\/p>\n<p>Pa\u0144stwa dane mo\u017cemy ujawni\u0107 odbiorcom, w postaci firm z nami wsp\u00f3\u0142pracuj\u0105cych i wykonuj\u0105cych zadania na nasze zlecenie i nasz\u0105 rzecz. W takim przypadku zawarta jest z tymi podmiotami umowa zapewniaj\u0105ca bezpiecze\u0144stwo Pa\u0144stwa danych. Z uwagi na to, i\u017c podmioty te cz\u0119sto si\u0119 zmieniaj\u0105, nie jeste\u015bmy w stanie przedstawi\u0107 ich kompletnej listy, je\u015bli chc\u0105 Pa\u0144stwo wiedzie\u0107 z kim wsp\u00f3\u0142pracujemy aktualnie, zawsze mo\u017cna o to zapyta\u0107.<\/p>\n<p>Nie b\u0119dziemy natomiast przekazywa\u0107 Pa\u0144stwa danych osobowych do pa\u0144stwa trzeciego (poza Europejski Obszar Gospodarczy).<\/p>\n<p><strong>Co mog\u0105 Pa\u0144stwo robi\u0107 z przekazanymi nam danymi osobowymi?<\/strong><\/p>\n<p>Maj\u0105 Pa\u0144stwo prawo do \u017c\u0105dania od Sp\u00f3\u0142ki dost\u0119pu do swoich danych osobowych, ich sprostowania, usuni\u0119cia lub ograniczenia przetwarzania, a tak\u017ce mo\u017cemy je na Pa\u0144stwa \u017c\u0105danie przenie\u015b\u0107 do innego administratora danych. Odno\u015bnie do przetwarzania Pa\u0144stwa danych w celu marketingu w\u0142asnych produkt\u00f3w lub us\u0142ug Sp\u00f3\u0142ki mog\u0105 Pa\u0144stwo wnie\u015b\u0107 sprzeciw.<\/p>\n<p><strong>Do kiedy b\u0119dziemy przechowywa\u0107 Pa\u0144stwa dane?<\/strong><\/p>\n<p>Pa\u0144stwa dane osobowe b\u0119d\u0105 przechowywane tak d\u0142ugo, jak jest to niezb\u0119dne do realizacji umowy \u0142\u0105cz\u0105cej Pa\u0144stwa ze Sp\u00f3\u0142k\u0105 lub umowy zawartej przez inny podmiot na Pa\u0144stwa rzecz, a po tym czasie przez okres czasu odpowiadaj\u0105cy okresowi przedawnienia roszcze\u0144, jakie mo\u017ce podnosi\u0107 Sp\u00f3\u0142ka i jakie mog\u0105 by\u0107 podnoszone wobec Sp\u00f3\u0142ki.<\/p>\n<p>Je\u015bli Pa\u0144stwa dane osobowe b\u0119d\u0105 przetwarzane w celu wype\u0142nienia obowi\u0105zku prawnego ci\u0105\u017c\u0105cego na administratorze, dane osobowe b\u0119d\u0105 przechowywane przez czas niezb\u0119dny do wype\u0142nienia tego obowi\u0105zku.<\/p>\n<p>Dane przetwarzane na podstawie zgody b\u0119dziemy przetwarza\u0107 do czasu wycofania przez Pa\u0144stwa tej zgody.<\/p>\n<p>Je\u015bli Pa\u0144stwa dane osobowe b\u0119d\u0105 przetwarzane na podstawie prawnie uzasadnionego interesu administratora, gdy podstaw\u0105 tego przetwarzania jest wykonanie umowy zawartej ze Sp\u00f3\u0142k\u0105 na Pa\u0144stwa rzecz, dane b\u0119d\u0105 przetwarzane do czasu wype\u0142nienia prawnie uzasadnionego interesu stanowi\u0105cego podstaw\u0119 tego przetwarzania.<\/p>\n<p>Je\u015bli Pa\u0144stwa dane osobowe b\u0119d\u0105 przetwarzane na podstawie prawnie uzasadnionego interesu administratora, gdy podstaw\u0105 tego przetwarzania jest marketing bezpo\u015bredni swoich produkt\u00f3w i us\u0142ug, Pa\u0144stwa dane osobowe b\u0119d\u0105 przetwarzane do czasu wniesienia przez Pa\u0144stwa sprzeciwu.<\/p>\n<p>Gdzie mog\u0105 Pa\u0144stwo wnie\u015b\u0107 skarg\u0119 na przetwarzanie danych osobowych przez Sp\u00f3\u0142k\u0119?<br \/>Obecnie takie skargi kierowa\u0107 mo\u017cna do Generalnego Inspektora Ochrony Danych Osobowych. Chcieliby\u015bmy jednak zaznaczy\u0107, \u017ce wkr\u00f3tce w\u0142a\u015bciwym organem nadzorczym w tej kwestii mo\u017ce by\u0107 Prezes Urz\u0119du Ochrony Danych Osobowych.<\/p>\n<p><strong>Jak nie b\u0119dziemy przetwarza\u0107 danych osobowych?<\/strong><\/p>\n<p>Pa\u0144stwa dane osobowe nie podlegaj\u0105 zautomatyzowanemu przetwarzaniu (np. profilowaniu), kt\u00f3re wywo\u0142uje wobec Pa\u0144stwa skutki prawne lub w podobny spos\u00f3b istotnie na Pa\u0144stwa wp\u0142ywa.<\/p>\n<p>Na czym polega prawo do przenoszenia danych? (Art. 20 zasadniczego rozporz\u0105dzenia o ochronie danych osobowych)<br \/>Macie Pa\u0144stwo prawo do przenoszenia swoich danych osobowych, kt\u00f3re udost\u0119pnionych naszej firmie w powszechnie stosowanej formie, by przekaza\u0107 je bez uszczerbku innej jednostce odpowiedzialnej, je\u015bli np. istnieje zgoda z Pa\u0144stwa strony i przetwarzanie dokonywane jest w drodze zautomatyzowanego post\u0119powania.<\/p>\n<p>Na czym polega prawo sprzeciwu? (Art. 21 zasadniczego rozporz\u0105dzenia o ochronie danych osobowych)<br \/>Macie Pa\u0144stwo prawo do wyra\u017cenia w ka\u017cdej chwili sprzeciwu wobec pobierania, przetwarzania lub wykorzystywania swoich danych osobowych do cel\u00f3w bezpo\u015bredniego pozyskiwania lub badania rynku i opinii oraz og\u00f3lnohandlowego przetwarzania danych, chyba \u017ce mo\u017cemy przed\u0142o\u017cy\u0107 przekonuj\u0105ce i wymagaj\u0105ce ochrony dowody dotycz\u0105ce przetwarzania danych, kt\u00f3re to dowody przewy\u017cszaj\u0105 Pa\u0144stwa interesy, prawa i wolno\u015bci.<br \/>Ponadto nie mo\u017cecie Pa\u0144stwo skorzysta\u0107 ze swojego prawa do wyra\u017cenia sprzeciwu, gdy przepis prawa przewiduje pobieranie, przetwarzanie i wykorzystywanie danych lub obliguje do pobierania, przetwarzania lub wykorzystywania tych danych.<\/p>\n<p>Na czym polega prawo do usuni\u0119cia danych? (Art. 17 zasadniczego rozporz\u0105dzenia o ochronie danych osobowych)<br \/>Macie Pa\u0144stwo prawo \u017c\u0105da\u0107 natychmiastowego usuni\u0119cia swoich danych (\u201eprawo do bycia zapomnianym\u201d) w szczeg\u00f3lno\u015bci wtedy, gdy gromadzenie danych nie jest ju\u017c konieczne, gdy Pa\u0144stwo odwo\u0142ali\u015bcie zgod\u0119 na przetwarzanie danych, gdy Pa\u0144stwa dane s\u0105 przetwarzane niezgodnie z prawem lub zosta\u0142y pobrane niezgodnie z prawem i istnieje obowi\u0105zek prawny do usuni\u0119cia danych zgodnie z prawem Unii Europejskiej lub prawem narodowym.<\/p>\n<p>Prawo do bycia zapomnianym nie znajduje jednak zastosowania, gdy istnieje przewa\u017caj\u0105ce prawo do swobodnego wyra\u017cania opinii lub swobody informacji, gromadzenie danych jest niezb\u0119dne do spe\u0142nienia zobowi\u0105zania prawnego (np. obowi\u0105zk\u00f3w przechowywania), usuni\u0119ciu danych przeszkadzaj\u0105 obowi\u0105zki archiwizacyjne lub gromadzenie danych s\u0142u\u017cy dochodzeniu, wykonaniu lub obronie roszcze\u0144 prawnych.<\/p>\n<p>Na czym polega prawo do sprostowania danych (Art. 16 zasadniczego rozporz\u0105dzenia o ochronie danych osobowych)<br \/>Macie Pa\u0144stwo prawo do \u017c\u0105dania natychmiastowej sprostowania Pa\u0144stwa niew\u0142a\u015bciwych danych osobowych oraz \u2013 uwzgl\u0119dniaj\u0105c cele przetwarzania \u2013 prawo do \u017c\u0105dania uzupe\u0142nienia niepe\u0142nych danych osobowych r\u00f3wnie\u017c w drodze o\u015bwiadczenia uzupe\u0142niaj\u0105cego.<\/p>\n<p>Je\u015bli chcieliby\u015bcie Pa\u0144stwo skorzysta\u0107 z prawa do sprostowania, mo\u017cecie Pa\u0144stwo zwr\u00f3ci\u0107 si\u0119 w ka\u017cdej chwili do naszego Inspektora ochrony danych lub do jednostki odpowiedzialnej za przetwarzanie danych.<\/p>\n<p>[\/et_pb_text][\/et_pb_column][\/et_pb_row][\/et_pb_section][et_pb_section fb_built=&#8221;1&#8243; _builder_version=&#8221;4.4.1&#8243; background_color=&#8221;#000000&#8243; background_enable_image=&#8221;off&#8221; global_module=&#8221;501&#8243;][et_pb_row column_structure=&#8221;1_4,1_4,1_4,1_4&#8243; _builder_version=&#8221;4.4.1&#8243;][et_pb_column type=&#8221;1_4&#8243; _builder_version=&#8221;4.4.1&#8243;][et_pb_image src=&#8221;https:\/\/pwlech.net\/wp01\/wp-content\/uploads\/2020\/03\/lech-logo-footer.png&#8221; _builder_version=&#8221;4.4.1&#8243;][\/et_pb_image][et_pb_image src=&#8221;https:\/\/pwlech.net\/wp01\/wp-content\/uploads\/2020\/03\/logo_innowacyjna-2.png&#8221; _builder_version=&#8221;4.4.1&#8243;][\/et_pb_image][et_pb_image src=&#8221;https:\/\/pwlech.net\/wp01\/wp-content\/uploads\/2020\/03\/logo_ue-2.png&#8221; _builder_version=&#8221;4.4.1&#8243;][\/et_pb_image][\/et_pb_column][et_pb_column type=&#8221;1_4&#8243; _builder_version=&#8221;4.4.1&#8243;][et_pb_text _builder_version=&#8221;4.4.1&#8243; background_layout=&#8221;dark&#8221;]<\/p>\n<div class=\"f-header\"><strong>Centrala:<\/strong><\/div>\n<div class=\"address\">P. W. LECH Sp. z o.o.<br \/>ul. Smole\u0144ska 1A<br \/>85-833 Bydgoszcz<\/div>\n<p>[\/et_pb_text][\/et_pb_column][et_pb_column type=&#8221;1_4&#8243; _builder_version=&#8221;4.4.1&#8243;][et_pb_text _builder_version=&#8221;4.4.1&#8243; background_layout=&#8221;dark&#8221;]<\/p>\n<div class=\"f-header\"><strong>Kontakt:<\/strong><\/div>\n<div class=\"row\">\n<div class=\"col-xs-6 col-sm-6 col-md-4\">\n<div class=\"box-salons\">\n<p>tel. (52) 363 49 50<br \/>tel. (52) 362 92 54<br \/>e-mail: lech@pwlech.net<\/p>\n<p>Pon &#8211; Pt: 7:30 &#8211; 15:30<\/p>\n<p><strong>Sprzeda\u017c Mieszka\u0144:<\/strong> <br \/>Pon &#8211; Pt: 7:30 &#8211; 15:30 <br \/>tel. 607 822 295<\/div>\n<\/div>\n<\/div>\n<p>[\/et_pb_text][\/et_pb_column][et_pb_column type=&#8221;1_4&#8243; _builder_version=&#8221;4.4.1&#8243;][et_pb_text _builder_version=&#8221;4.4.1&#8243; background_layout=&#8221;dark&#8221;]<\/p>\n<p>NIP: 554-023-51-23<br \/>REGON 008409964<br \/>S\u0105d Rejonowy w Bydgoszczy XIII Wydzia\u0142 Gospodarczy<br \/>KRS 0000089524<br \/>Kapita\u0142 Zak\u0142adowy 100.000 z\u0142<\/p>\n<p>[\/et_pb_text][\/et_pb_column][\/et_pb_row][\/et_pb_section]<\/p>\n","protected":false},"excerpt":{"rendered":"<p>[et_pb_section fb_built=&#8221;1&#8243; _builder_version=&#8221;4.4.1&#8243; use_background_color_gradient=&#8221;on&#8221; background_color_gradient_start=&#8221;rgba(0,0,0,0.76)&#8221; background_color_gradient_end=&#8221;rgba(0,0,0,0.43)&#8221; background_color_gradient_direction=&#8221;45deg&#8221; background_color_gradient_overlays_image=&#8221;on&#8221; background_image=&#8221;https:\/\/pwlech.net\/wp01\/wp-content\/uploads\/2020\/03\/budlex-1.jpg&#8221; custom_padding=&#8221;6vw|0px|6vw|0px|true|false&#8221;][et_pb_row _builder_version=&#8221;3.25&#8243;][et_pb_column type=&#8221;4_4&#8243; _builder_version=&#8221;3.25&#8243; custom_padding=&#8221;|||&#8221; custom_padding__hover=&#8221;|||&#8221;][et_pb_text _builder_version=&#8221;4.4.1&#8243; text_font=&#8221;||||||||&#8221; text_font_size=&#8221;18px&#8221; text_line_height=&#8221;2em&#8221; ul_font=&#8221;||||||||&#8221; ol_font=&#8221;||||||||&#8221; header_font=&#8221;Exo|700|||||||&#8221; header_font_size=&#8221;60px&#8221; header_line_height=&#8221;1.2em&#8221; header_2_font=&#8221;||||||||&#8221; header_3_font=&#8221;||||||||&#8221; header_4_font=&#8221;||||||||&#8221; header_5_font=&#8221;||||||||&#8221; header_6_font=&#8221;||||||||&#8221; text_orientation=&#8221;center&#8221; background_layout=&#8221;dark&#8221; module_alignment=&#8221;center&#8221; custom_margin=&#8221;|||&#8221; hover_enabled=&#8221;0&#8243; text_font_size_tablet=&#8221;&#8221; text_font_size_phone=&#8221;16px&#8221; text_font_size_last_edited=&#8221;on|phone&#8221; header_font_size_tablet=&#8221;50px&#8221; header_font_size_phone=&#8221;40px&#8221; header_font_size_last_edited=&#8221;on|phone&#8221; locked=&#8221;off&#8221;] INFORMACJE O PRZETWARZANIU DANYCH OSOBOWYCH [\/et_pb_text][\/et_pb_column][\/et_pb_row][\/et_pb_section][et_pb_section fb_built=&#8221;1&#8243; _builder_version=&#8221;4.4.1&#8243;][et_pb_row _builder_version=&#8221;4.4.1&#8243;][et_pb_column type=&#8221;4_4&#8243; _builder_version=&#8221;4.4.1&#8243;][et_pb_text _builder_version=&#8221;4.4.1&#8243; text_font_size=&#8221;18px&#8221; text_line_height=&#8221;1.4em&#8221; [&hellip;]<\/p>\n","protected":false},"author":2,"featured_media":0,"parent":0,"menu_order":0,"comment_status":"closed","ping_status":"closed","template":"","meta":{"_et_pb_use_builder":"on","_et_pb_old_content":"","_et_gb_content_width":"","footnotes":""},"class_list":["post-977","page","type-page","status-publish","hentry"],"_links":{"self":[{"href":"https:\/\/pwlech.net\/wp01\/wp-json\/wp\/v2\/pages\/977"}],"collection":[{"href":"https:\/\/pwlech.net\/wp01\/wp-json\/wp\/v2\/pages"}],"about":[{"href":"https:\/\/pwlech.net\/wp01\/wp-json\/wp\/v2\/types\/page"}],"author":[{"embeddable":true,"href":"https:\/\/pwlech.net\/wp01\/wp-json\/wp\/v2\/users\/2"}],"replies":[{"embeddable":true,"href":"https:\/\/pwlech.net\/wp01\/wp-json\/wp\/v2\/comments?post=977"}],"version-history":[{"count":4,"href":"https:\/\/pwlech.net\/wp01\/wp-json\/wp\/v2\/pages\/977\/revisions"}],"predecessor-version":[{"id":983,"href":"https:\/\/pwlech.net\/wp01\/wp-json\/wp\/v2\/pages\/977\/revisions\/983"}],"wp:attachment":[{"href":"https:\/\/pwlech.net\/wp01\/wp-json\/wp\/v2\/media?parent=977"}],"curies":[{"name":"wp","href":"https:\/\/api.w.org\/{rel}","templated":true}]}}