{"id":700,"date":"2020-04-27T15:05:40","date_gmt":"2020-04-27T13:05:40","guid":{"rendered":"https:\/\/pwlech.net\/wp01\/?page_id=700"},"modified":"2021-04-09T11:34:58","modified_gmt":"2021-04-09T09:34:58","slug":"aktualnosci","status":"publish","type":"page","link":"https:\/\/pwlech.net\/wp01\/aktualnosci\/","title":{"rendered":"AKTUALNO\u015aCI"},"content":{"rendered":"<p>[et_pb_section fb_built=&#8221;1&#8243; admin_label=&#8221;Header&#8221; _builder_version=&#8221;4.4.1&#8243; use_background_color_gradient=&#8221;on&#8221; background_color_gradient_start=&#8221;rgba(0,0,0,0.88)&#8221; background_color_gradient_end=&#8221;rgba(0,0,0,0.31)&#8221; background_color_gradient_direction=&#8221;1deg&#8221; background_color_gradient_overlays_image=&#8221;on&#8221; background_image=&#8221;https:\/\/pwlech.net\/wp01\/wp-content\/uploads\/2020\/03\/dworzec-PKP-1.jpg&#8221; custom_padding=&#8221;6vw|0px|6vw|0px|true|false&#8221;][et_pb_row _builder_version=&#8221;3.25&#8243;][et_pb_column type=&#8221;4_4&#8243; _builder_version=&#8221;3.25&#8243; custom_padding=&#8221;|||&#8221; custom_padding__hover=&#8221;|||&#8221;][et_pb_text _builder_version=&#8221;4.4.1&#8243; text_font=&#8221;||||||||&#8221; text_font_size=&#8221;18px&#8221; text_line_height=&#8221;2em&#8221; ul_font=&#8221;||||||||&#8221; ol_font=&#8221;||||||||&#8221; header_font=&#8221;Exo|700|||||||&#8221; header_font_size=&#8221;60px&#8221; header_line_height=&#8221;1.2em&#8221; header_2_font=&#8221;||||||||&#8221; header_3_font=&#8221;||||||||&#8221; header_4_font=&#8221;||||||||&#8221; header_5_font=&#8221;||||||||&#8221; header_6_font=&#8221;||||||||&#8221; text_orientation=&#8221;center&#8221; background_layout=&#8221;dark&#8221; max_width=&#8221;600px&#8221; module_alignment=&#8221;center&#8221; custom_margin=&#8221;|||&#8221; text_font_size_tablet=&#8221;&#8221; text_font_size_phone=&#8221;16px&#8221; text_font_size_last_edited=&#8221;on|phone&#8221; header_font_size_tablet=&#8221;50px&#8221; header_font_size_phone=&#8221;40px&#8221; header_font_size_last_edited=&#8221;on|phone&#8221; locked=&#8221;off&#8221;]<\/p>\n<h1>AKTUALNO\u015aCI<\/h1>\n<p>[\/et_pb_text][\/et_pb_column][\/et_pb_row][\/et_pb_section][et_pb_section fb_built=&#8221;1&#8243; admin_label=&#8221;Blog&#8221; _builder_version=&#8221;3.22&#8243; background_image=&#8221;https:\/\/pwlech.net\/wp01\/wp-content\/uploads\/2020\/03\/gardener-03.png&#8221; background_size=&#8221;initial&#8221; background_position=&#8221;bottom_right&#8221; custom_padding=&#8221;50px|0|50px|0px|false|false&#8221;][et_pb_row column_structure=&#8221;2_3,1_3&#8243; _builder_version=&#8221;3.25&#8243;][et_pb_column type=&#8221;2_3&#8243; _builder_version=&#8221;3.25&#8243; custom_padding=&#8221;|||&#8221; custom_padding_tablet=&#8221;|0vw||&#8221; custom_padding_last_edited=&#8221;off|desktop&#8221; custom_padding__hover=&#8221;|||&#8221;][et_pb_divider divider_weight=&#8221;4px&#8221; admin_label=&#8221;Separator&#8221; _builder_version=&#8221;4.4.1&#8243; width=&#8221;50px&#8221; max_width=&#8221;50px&#8221; locked=&#8221;off&#8221;][\/et_pb_divider][et_pb_blog posts_number=&#8221;5&#8243; include_categories=&#8221;all&#8221; show_author=&#8221;off&#8221; _builder_version=&#8221;4.4.1&#8243; header_font=&#8221;Exo|700|||||||&#8221; header_font_size=&#8221;25px&#8221; header_line_height=&#8221;1.3em&#8221; body_font_size=&#8221;16px&#8221; body_line_height=&#8221;2em&#8221; pagination_font=&#8221;|700||on|||||&#8221; pagination_text_color=&#8221;#e09900&#8243; pagination_font_size=&#8221;18px&#8221; body_font_size_tablet=&#8221;&#8221; body_font_size_phone=&#8221;14px&#8221; body_font_size_last_edited=&#8221;on|phone&#8221;][\/et_pb_blog][et_pb_post_nav prev_text=&#8221;POPRZEDNIE WIADOMO\u015aCI&#8221; next_text=&#8221;KOLEJNE WIADOMO\u015aCI&#8221; disabled_on=&#8221;on|on|on&#8221; _builder_version=&#8221;4.4.1&#8243; title_font=&#8221;|700|||||||&#8221; title_text_color=&#8221;#e09900&#8243; title_font_size=&#8221;18px&#8221; disabled=&#8221;on&#8221;][\/et_pb_post_nav][\/et_pb_column][et_pb_column type=&#8221;1_3&#8243; _builder_version=&#8221;3.25&#8243; custom_padding=&#8221;|||&#8221; custom_padding__hover=&#8221;|||&#8221;][et_pb_divider divider_weight=&#8221;4px&#8221; admin_label=&#8221;Separator&#8221; _builder_version=&#8221;4.4.1&#8243; width=&#8221;50px&#8221; max_width=&#8221;50px&#8221; locked=&#8221;off&#8221;][\/et_pb_divider][et_pb_text _builder_version=&#8221;4.4.1&#8243; locked=&#8221;off&#8221;]<\/p>\n<h3><strong>NASZE REALIZACJE<\/strong><\/h3>\n<p>[\/et_pb_text][et_pb_blurb title=&#8221;Osiedle Paryskie&#8221; url=&#8221;https:\/\/pwlech.net\/wp01\/realizacje\/osiedle-paryskie\/&#8221; use_icon=&#8221;on&#8221; font_icon=&#8221;%%122%%&#8221; use_icon_font_size=&#8221;on&#8221; icon_font_size=&#8221;28px&#8221; admin_label=&#8221;Osiedle Paryskie&#8221; _builder_version=&#8221;4.4.1&#8243; header_font=&#8221;|700|||||||&#8221; header_text_color=&#8221;#ffffff&#8221; background_enable_color=&#8221;off&#8221; use_background_color_gradient=&#8221;on&#8221; background_color_gradient_start=&#8221;rgba(0,0,0,0.58)&#8221; background_color_gradient_end=&#8221;rgba(0,0,0,0.29)&#8221; background_color_gradient_overlays_image=&#8221;on&#8221; background_image=&#8221;https:\/\/pwlech.net\/wp01\/wp-content\/uploads\/2020\/04\/paryskie-3.jpg&#8221; text_orientation=&#8221;center&#8221; background_layout=&#8221;dark&#8221; module_alignment=&#8221;center&#8221; min_height=&#8221;200px&#8221; height=&#8221;200px&#8221; max_height=&#8221;200px&#8221; custom_padding=&#8221;50px|20px||20px|false|false&#8221; link_option_url=&#8221;https:\/\/pwlech.net\/wp01\/realizacje\/osiedle-paryskie\/&#8221; background_last_edited=&#8221;off|desktop&#8221; box_shadow_style=&#8221;preset4&#8243; box_shadow_color=&#8221;#fcdc19&#8243; background__hover_enabled=&#8221;off|desktop&#8221; background_enable_color__hover=&#8221;off&#8221; use_background_color_gradient__hover=&#8221;off&#8221; background_color_gradient_start__hover=&#8221;rgba(0,0,0,0.14)&#8221; background_color_gradient_end__hover=&#8221;rgba(0,0,0,0.28)&#8221; background_color_gradient_overlays_image__hover=&#8221;on&#8221;][\/et_pb_blurb][et_pb_blurb title=&#8221;Dworzec PKP<\/br> w Bydgoszczy&#8221; url=&#8221;https:\/\/pwlech.net\/wp01\/realizacje\/dworzec-pkp&#8221; use_icon=&#8221;on&#8221; font_icon=&#8221;%%122%%&#8221; use_icon_font_size=&#8221;on&#8221; icon_font_size=&#8221;28px&#8221; admin_label=&#8221;Dworzec PKP&#8221; _builder_version=&#8221;4.4.1&#8243; header_font=&#8221;|700|||||||&#8221; header_text_color=&#8221;#ffffff&#8221; background_enable_color=&#8221;off&#8221; use_background_color_gradient=&#8221;on&#8221; background_color_gradient_start=&#8221;rgba(0,0,0,0.58)&#8221; background_color_gradient_end=&#8221;rgba(0,0,0,0.29)&#8221; background_color_gradient_overlays_image=&#8221;on&#8221; background_image=&#8221;https:\/\/pwlech.net\/wp01\/wp-content\/uploads\/2020\/03\/PKP-MIN.jpg&#8221; text_orientation=&#8221;center&#8221; background_layout=&#8221;dark&#8221; module_alignment=&#8221;center&#8221; min_height=&#8221;200px&#8221; height=&#8221;200px&#8221; max_height=&#8221;200px&#8221; custom_padding=&#8221;50px|20px||20px|false|false&#8221; link_option_url=&#8221;https:\/\/pwlech.net\/wp01\/realizacje\/dworzec-pkp&#8221; background_last_edited=&#8221;off|desktop&#8221; box_shadow_style=&#8221;preset4&#8243; box_shadow_horizontal=&#8221;-10px&#8221; box_shadow_vertical=&#8221;-10px&#8221; box_shadow_color=&#8221;#fcdc19&#8243; background__hover_enabled=&#8221;off|desktop&#8221; background_enable_color__hover=&#8221;off&#8221; use_background_color_gradient__hover=&#8221;off&#8221; background_color_gradient_start__hover=&#8221;rgba(0,0,0,0.14)&#8221; background_color_gradient_end__hover=&#8221;rgba(0,0,0,0.28)&#8221; background_color_gradient_overlays_image__hover=&#8221;on&#8221;][\/et_pb_blurb][et_pb_blurb title=&#8221;Port Lotniczy<\/br> w Bydgoszczy&#8221; url=&#8221;@ET-DC@eyJkeW5hbWljIjp0cnVlLCJjb250ZW50IjoicG9zdF9saW5rX3VybF9wYWdlIiwic2V0dGluZ3MiOnsicG9zdF9pZCI6IjI5MyJ9fQ==@&#8221; use_icon=&#8221;on&#8221; font_icon=&#8221;%%122%%&#8221; use_icon_font_size=&#8221;on&#8221; icon_font_size=&#8221;28px&#8221; admin_label=&#8221;Port Lotniczy&#8221; _builder_version=&#8221;4.4.1&#8243; _dynamic_attributes=&#8221;link_option_url,url&#8221; header_font=&#8221;|700|||||||&#8221; header_text_color=&#8221;#ffffff&#8221; background_enable_color=&#8221;off&#8221; use_background_color_gradient=&#8221;on&#8221; background_color_gradient_start=&#8221;rgba(0,0,0,0.58)&#8221; background_color_gradient_end=&#8221;rgba(0,0,0,0.29)&#8221; background_color_gradient_overlays_image=&#8221;on&#8221; background_image=&#8221;https:\/\/pwlech.net\/wp01\/wp-content\/uploads\/2020\/03\/AIRPORT-MIN.jpg&#8221; text_orientation=&#8221;center&#8221; background_layout=&#8221;dark&#8221; module_alignment=&#8221;center&#8221; min_height=&#8221;200px&#8221; height=&#8221;200px&#8221; max_height=&#8221;200px&#8221; custom_padding=&#8221;50px|20px||20px|false|false&#8221; link_option_url=&#8221;@ET-DC@eyJkeW5hbWljIjp0cnVlLCJjb250ZW50IjoicG9zdF9saW5rX3VybF9wYWdlIiwic2V0dGluZ3MiOnsicG9zdF9pZCI6IjI5MyJ9fQ==@&#8221; background_last_edited=&#8221;off|desktop&#8221; box_shadow_style=&#8221;preset4&#8243; box_shadow_color=&#8221;#fcdc19&#8243; background__hover_enabled=&#8221;off|desktop&#8221; background_enable_color__hover=&#8221;off&#8221; use_background_color_gradient__hover=&#8221;off&#8221; background_color_gradient_start__hover=&#8221;rgba(0,0,0,0.14)&#8221; background_color_gradient_end__hover=&#8221;rgba(0,0,0,0.28)&#8221; background_color_gradient_overlays_image__hover=&#8221;on&#8221;][\/et_pb_blurb][et_pb_blurb title=&#8221;Basen w Osielsku&#8221; url=&#8221;@ET-DC@eyJkeW5hbWljIjp0cnVlLCJjb250ZW50IjoicG9zdF9saW5rX3VybF9wYWdlIiwic2V0dGluZ3MiOnsicG9zdF9pZCI6IjMxNiJ9fQ==@&#8221; use_icon=&#8221;on&#8221; font_icon=&#8221;%%122%%&#8221; use_icon_font_size=&#8221;on&#8221; icon_font_size=&#8221;28px&#8221; admin_label=&#8221;Basen w Osielsku&#8221; _builder_version=&#8221;4.4.1&#8243; _dynamic_attributes=&#8221;url,link_option_url&#8221; header_font=&#8221;|700|||||||&#8221; header_text_color=&#8221;#ffffff&#8221; background_enable_color=&#8221;off&#8221; use_background_color_gradient=&#8221;on&#8221; background_color_gradient_start=&#8221;rgba(0,0,0,0.58)&#8221; background_color_gradient_end=&#8221;rgba(0,0,0,0.29)&#8221; background_color_gradient_overlays_image=&#8221;on&#8221; background_image=&#8221;https:\/\/pwlech.net\/wp01\/wp-content\/uploads\/2020\/04\/basen-osielsko-3.jpg&#8221; text_orientation=&#8221;center&#8221; background_layout=&#8221;dark&#8221; module_alignment=&#8221;center&#8221; min_height=&#8221;200px&#8221; height=&#8221;200px&#8221; max_height=&#8221;200px&#8221; custom_padding=&#8221;50px|20px||20px|false|false&#8221; link_option_url=&#8221;@ET-DC@eyJkeW5hbWljIjp0cnVlLCJjb250ZW50IjoicG9zdF9saW5rX3VybF9wYWdlIiwic2V0dGluZ3MiOnsicG9zdF9pZCI6IjMxNiJ9fQ==@&#8221; background_last_edited=&#8221;off|desktop&#8221; box_shadow_style=&#8221;preset4&#8243; box_shadow_horizontal=&#8221;-10px&#8221; box_shadow_vertical=&#8221;-10px&#8221; box_shadow_color=&#8221;#fcdc19&#8243; background__hover_enabled=&#8221;off|desktop&#8221; background_enable_color__hover=&#8221;off&#8221; use_background_color_gradient__hover=&#8221;off&#8221; background_color_gradient_start__hover=&#8221;rgba(0,0,0,0.14)&#8221; background_color_gradient_end__hover=&#8221;rgba(0,0,0,0.28)&#8221; background_color_gradient_overlays_image__hover=&#8221;on&#8221;][\/et_pb_blurb][et_pb_blurb title=&#8221;Besen w Nakle<\/br> nad Noteci\u0105&#8221; url=&#8221;@ET-DC@eyJkeW5hbWljIjp0cnVlLCJjb250ZW50IjoicG9zdF9saW5rX3VybF9wYWdlIiwic2V0dGluZ3MiOnsicG9zdF9pZCI6IjMwNCJ9fQ==@&#8221; use_icon=&#8221;on&#8221; font_icon=&#8221;%%122%%&#8221; use_icon_font_size=&#8221;on&#8221; icon_font_size=&#8221;28px&#8221; admin_label=&#8221;Basen w Nakle&#8221; _builder_version=&#8221;4.4.1&#8243; _dynamic_attributes=&#8221;url,link_option_url&#8221; header_font=&#8221;|700|||||||&#8221; header_text_color=&#8221;#ffffff&#8221; background_enable_color=&#8221;off&#8221; use_background_color_gradient=&#8221;on&#8221; background_color_gradient_start=&#8221;rgba(0,0,0,0.58)&#8221; background_color_gradient_end=&#8221;rgba(0,0,0,0.29)&#8221; background_color_gradient_overlays_image=&#8221;on&#8221; background_image=&#8221;https:\/\/pwlech.net\/wp01\/wp-content\/uploads\/2020\/04\/basen-naklo-2.jpg&#8221; text_orientation=&#8221;center&#8221; background_layout=&#8221;dark&#8221; module_alignment=&#8221;center&#8221; min_height=&#8221;200px&#8221; height=&#8221;200px&#8221; max_height=&#8221;200px&#8221; custom_padding=&#8221;50px|20px||20px|false|false&#8221; link_option_url=&#8221;@ET-DC@eyJkeW5hbWljIjp0cnVlLCJjb250ZW50IjoicG9zdF9saW5rX3VybF9wYWdlIiwic2V0dGluZ3MiOnsicG9zdF9pZCI6IjMwNCJ9fQ==@&#8221; background_last_edited=&#8221;off|desktop&#8221; box_shadow_style=&#8221;preset4&#8243; box_shadow_horizontal=&#8221;-10px&#8221; box_shadow_vertical=&#8221;-10px&#8221; box_shadow_color=&#8221;#fcdc19&#8243; background__hover_enabled=&#8221;off|desktop&#8221; background_enable_color__hover=&#8221;off&#8221; use_background_color_gradient__hover=&#8221;off&#8221; background_color_gradient_start__hover=&#8221;rgba(0,0,0,0.14)&#8221; background_color_gradient_end__hover=&#8221;rgba(0,0,0,0.28)&#8221; background_color_gradient_overlays_image__hover=&#8221;on&#8221;][\/et_pb_blurb][et_pb_blurb title=&#8221;Poliklinika Centrum&#8221; url=&#8221;@ET-DC@eyJkeW5hbWljIjp0cnVlLCJjb250ZW50IjoicG9zdF9saW5rX3VybF9wYWdlIiwic2V0dGluZ3MiOnsicG9zdF9pZCI6IjM4MSJ9fQ==@&#8221; use_icon=&#8221;on&#8221; font_icon=&#8221;%%122%%&#8221; use_icon_font_size=&#8221;on&#8221; icon_font_size=&#8221;28px&#8221; admin_label=&#8221;Poliklinika Centrum&#8221; _builder_version=&#8221;4.4.1&#8243; _dynamic_attributes=&#8221;url,link_option_url&#8221; header_font=&#8221;|700|||||||&#8221; header_text_color=&#8221;#ffffff&#8221; background_enable_color=&#8221;off&#8221; use_background_color_gradient=&#8221;on&#8221; background_color_gradient_start=&#8221;rgba(0,0,0,0.58)&#8221; background_color_gradient_end=&#8221;rgba(0,0,0,0.29)&#8221; background_color_gradient_overlays_image=&#8221;on&#8221; background_image=&#8221;https:\/\/pwlech.net\/wp01\/wp-content\/uploads\/2020\/04\/poliklinika-1.jpg&#8221; text_orientation=&#8221;center&#8221; background_layout=&#8221;dark&#8221; module_alignment=&#8221;center&#8221; min_height=&#8221;200px&#8221; height=&#8221;200px&#8221; max_height=&#8221;200px&#8221; custom_padding=&#8221;50px|20px||20px|false|false&#8221; link_option_url=&#8221;@ET-DC@eyJkeW5hbWljIjp0cnVlLCJjb250ZW50IjoicG9zdF9saW5rX3VybF9wYWdlIiwic2V0dGluZ3MiOnsicG9zdF9pZCI6IjM4MSJ9fQ==@&#8221; background_last_edited=&#8221;off|desktop&#8221; box_shadow_style=&#8221;preset4&#8243; box_shadow_color=&#8221;#fcdc19&#8243; background__hover_enabled=&#8221;off|desktop&#8221; background_enable_color__hover=&#8221;off&#8221; use_background_color_gradient__hover=&#8221;off&#8221; background_color_gradient_start__hover=&#8221;rgba(0,0,0,0.14)&#8221; background_color_gradient_end__hover=&#8221;rgba(0,0,0,0.28)&#8221; background_color_gradient_overlays_image__hover=&#8221;on&#8221;][\/et_pb_blurb][et_pb_blurb title=&#8221;Polon Alfa&#8221; url=&#8221;@ET-DC@eyJkeW5hbWljIjp0cnVlLCJjb250ZW50IjoicG9zdF9saW5rX3VybF9wYWdlIiwic2V0dGluZ3MiOnsicG9zdF9pZCI6IjM2OCJ9fQ==@&#8221; use_icon=&#8221;on&#8221; font_icon=&#8221;%%122%%&#8221; use_icon_font_size=&#8221;on&#8221; icon_font_size=&#8221;28px&#8221; admin_label=&#8221;Polon Alfa&#8221; _builder_version=&#8221;4.4.1&#8243; _dynamic_attributes=&#8221;url,link_option_url&#8221; header_font=&#8221;|700|||||||&#8221; header_text_color=&#8221;#ffffff&#8221; background_enable_color=&#8221;off&#8221; use_background_color_gradient=&#8221;on&#8221; background_color_gradient_start=&#8221;rgba(0,0,0,0.58)&#8221; background_color_gradient_end=&#8221;rgba(0,0,0,0.29)&#8221; background_color_gradient_overlays_image=&#8221;on&#8221; background_image=&#8221;https:\/\/pwlech.net\/wp01\/wp-content\/uploads\/2020\/04\/polon-3.jpg&#8221; text_orientation=&#8221;center&#8221; background_layout=&#8221;dark&#8221; module_alignment=&#8221;center&#8221; min_height=&#8221;200px&#8221; height=&#8221;200px&#8221; max_height=&#8221;200px&#8221; custom_padding=&#8221;50px|20px||20px|false|false&#8221; link_option_url=&#8221;@ET-DC@eyJkeW5hbWljIjp0cnVlLCJjb250ZW50IjoicG9zdF9saW5rX3VybF9wYWdlIiwic2V0dGluZ3MiOnsicG9zdF9pZCI6IjM2OCJ9fQ==@&#8221; background_last_edited=&#8221;off|desktop&#8221; box_shadow_style=&#8221;preset4&#8243; box_shadow_horizontal=&#8221;-10px&#8221; box_shadow_vertical=&#8221;-10px&#8221; box_shadow_color=&#8221;#fcdc19&#8243; background__hover_enabled=&#8221;off|desktop&#8221; background_enable_color__hover=&#8221;off&#8221; use_background_color_gradient__hover=&#8221;off&#8221; background_color_gradient_start__hover=&#8221;rgba(0,0,0,0.14)&#8221; background_color_gradient_end__hover=&#8221;rgba(0,0,0,0.28)&#8221; background_color_gradient_overlays_image__hover=&#8221;on&#8221;][\/et_pb_blurb][et_pb_blurb title=&#8221;Per\u0142owa Dolina&#8221; url=&#8221;@ET-DC@eyJkeW5hbWljIjp0cnVlLCJjb250ZW50IjoicG9zdF9saW5rX3VybF9wYWdlIiwic2V0dGluZ3MiOnsicG9zdF9pZCI6IjM3MyJ9fQ==@&#8221; use_icon=&#8221;on&#8221; font_icon=&#8221;%%122%%&#8221; use_icon_font_size=&#8221;on&#8221; icon_font_size=&#8221;28px&#8221; admin_label=&#8221;Per\u0142owa Dolina&#8221; _builder_version=&#8221;4.4.1&#8243; _dynamic_attributes=&#8221;link_option_url,url&#8221; header_font=&#8221;|700|||||||&#8221; header_text_color=&#8221;#ffffff&#8221; background_enable_color=&#8221;off&#8221; use_background_color_gradient=&#8221;on&#8221; background_color_gradient_start=&#8221;rgba(0,0,0,0.58)&#8221; background_color_gradient_end=&#8221;rgba(0,0,0,0.29)&#8221; background_color_gradient_overlays_image=&#8221;on&#8221; background_image=&#8221;https:\/\/pwlech.net\/wp01\/wp-content\/uploads\/2020\/04\/perlowa-1.jpg&#8221; text_orientation=&#8221;center&#8221; background_layout=&#8221;dark&#8221; module_alignment=&#8221;center&#8221; min_height=&#8221;200px&#8221; height=&#8221;200px&#8221; max_height=&#8221;200px&#8221; custom_padding=&#8221;50px|20px||20px|false|false&#8221; link_option_url=&#8221;@ET-DC@eyJkeW5hbWljIjp0cnVlLCJjb250ZW50IjoicG9zdF9saW5rX3VybF9wYWdlIiwic2V0dGluZ3MiOnsicG9zdF9pZCI6IjM3MyJ9fQ==@&#8221; background_last_edited=&#8221;off|desktop&#8221; box_shadow_style=&#8221;preset4&#8243; box_shadow_color=&#8221;#fcdc19&#8243; background__hover_enabled=&#8221;off|desktop&#8221; background_enable_color__hover=&#8221;off&#8221; use_background_color_gradient__hover=&#8221;off&#8221; background_color_gradient_start__hover=&#8221;rgba(0,0,0,0.14)&#8221; background_color_gradient_end__hover=&#8221;rgba(0,0,0,0.28)&#8221; background_color_gradient_overlays_image__hover=&#8221;on&#8221;][\/et_pb_blurb][\/et_pb_column][\/et_pb_row][\/et_pb_section][et_pb_section fb_built=&#8221;1&#8243; _builder_version=&#8221;4.4.1&#8243; background_color=&#8221;#000000&#8243; background_enable_image=&#8221;off&#8221; global_module=&#8221;501&#8243; saved_tabs=&#8221;all&#8221;][et_pb_row column_structure=&#8221;1_4,1_4,1_4,1_4&#8243; _builder_version=&#8221;4.4.1&#8243;][et_pb_column type=&#8221;1_4&#8243; _builder_version=&#8221;4.4.1&#8243;][et_pb_image src=&#8221;https:\/\/pwlech.net\/wp01\/wp-content\/uploads\/2020\/03\/lech-logo-footer.png&#8221; _builder_version=&#8221;4.4.1&#8243;][\/et_pb_image][et_pb_image src=&#8221;https:\/\/pwlech.net\/wp01\/wp-content\/uploads\/2020\/03\/logo_innowacyjna-2.png&#8221; _builder_version=&#8221;4.4.1&#8243;][\/et_pb_image][et_pb_image src=&#8221;https:\/\/pwlech.net\/wp01\/wp-content\/uploads\/2020\/03\/logo_ue-2.png&#8221; _builder_version=&#8221;4.4.1&#8243;][\/et_pb_image][\/et_pb_column][et_pb_column type=&#8221;1_4&#8243; _builder_version=&#8221;4.4.1&#8243;][et_pb_text _builder_version=&#8221;4.4.1&#8243; background_layout=&#8221;dark&#8221;]<\/p>\n<div class=\"f-header\"><strong>Centrala:<\/strong><\/div>\n<div class=\"address\">P. W. LECH Sp. z o.o.<br \/>ul. Smole\u0144ska 1A<br \/>85-833 Bydgoszcz<\/div>\n<p>[\/et_pb_text][et_pb_text _builder_version=&#8221;4.4.1&#8243; link_text_color=&#8221;#ffffff&#8221;]<\/p>\n<ul>\n<li><a href=\"https:\/\/pwlech.net\/wp01\/polityka-prywatnosci\/\">Polityka prywatno\u015bci<\/a><\/li>\n<li><a href=\"https:\/\/pwlech.net\/wp01\/informacje-o-przetwarzaniu-danych-osobowych\/\">Informacje o przetwarzaniu danych osobowych<\/a><\/li>\n<\/ul>\n<p>[\/et_pb_text][\/et_pb_column][et_pb_column type=&#8221;1_4&#8243; _builder_version=&#8221;4.4.1&#8243;][et_pb_text _builder_version=&#8221;4.4.1&#8243; background_layout=&#8221;dark&#8221;]<\/p>\n<div class=\"f-header\"><strong>Kontakt:<\/strong><\/div>\n<div class=\"row\">\n<div class=\"col-xs-6 col-sm-6 col-md-4\">\n<div class=\"box-salons\">\n<p>tel. (52) 363 49 50<br \/>tel. (52) 362 92 54<br \/>e-mail: lech@pwlech.net<\/p>\n<p>Pon &#8211; Pt: 7:30 &#8211; 15:30<\/p>\n<p><strong>Sprzeda\u017c Mieszka\u0144:<\/strong> <br \/>Pon &#8211; Pt: 7:30 &#8211; 15:30 <br \/>tel. 607 822 295<\/div>\n<\/div>\n<\/div>\n<p>[\/et_pb_text][\/et_pb_column][et_pb_column type=&#8221;1_4&#8243; _builder_version=&#8221;4.4.1&#8243;][et_pb_text _builder_version=&#8221;4.4.1&#8243; background_layout=&#8221;dark&#8221;]<\/p>\n<p>NIP: 554-023-51-23<br \/>REGON 008409964<br \/>S\u0105d Rejonowy w Bydgoszczy XIII Wydzia\u0142 Gospodarczy<br \/>KRS 0000089524<br \/>Kapita\u0142 Zak\u0142adowy 100.000 z\u0142<\/p>\n<p>[\/et_pb_text][\/et_pb_column][\/et_pb_row][\/et_pb_section]<\/p>\n","protected":false},"excerpt":{"rendered":"<p>[et_pb_section fb_built=&#8221;1&#8243; admin_label=&#8221;Header&#8221; _builder_version=&#8221;4.4.1&#8243; use_background_color_gradient=&#8221;on&#8221; background_color_gradient_start=&#8221;rgba(0,0,0,0.88)&#8221; background_color_gradient_end=&#8221;rgba(0,0,0,0.31)&#8221; background_color_gradient_direction=&#8221;1deg&#8221; background_color_gradient_overlays_image=&#8221;on&#8221; background_image=&#8221;https:\/\/pwlech.net\/wp01\/wp-content\/uploads\/2020\/03\/dworzec-PKP-1.jpg&#8221; custom_padding=&#8221;6vw|0px|6vw|0px|true|false&#8221;][et_pb_row _builder_version=&#8221;3.25&#8243;][et_pb_column type=&#8221;4_4&#8243; _builder_version=&#8221;3.25&#8243; custom_padding=&#8221;|||&#8221; custom_padding__hover=&#8221;|||&#8221;][et_pb_text _builder_version=&#8221;4.4.1&#8243; text_font=&#8221;||||||||&#8221; text_font_size=&#8221;18px&#8221; text_line_height=&#8221;2em&#8221; ul_font=&#8221;||||||||&#8221; ol_font=&#8221;||||||||&#8221; header_font=&#8221;Exo|700|||||||&#8221; header_font_size=&#8221;60px&#8221; header_line_height=&#8221;1.2em&#8221; header_2_font=&#8221;||||||||&#8221; header_3_font=&#8221;||||||||&#8221; header_4_font=&#8221;||||||||&#8221; header_5_font=&#8221;||||||||&#8221; header_6_font=&#8221;||||||||&#8221; text_orientation=&#8221;center&#8221; background_layout=&#8221;dark&#8221; max_width=&#8221;600px&#8221; module_alignment=&#8221;center&#8221; custom_margin=&#8221;|||&#8221; text_font_size_tablet=&#8221;&#8221; text_font_size_phone=&#8221;16px&#8221; text_font_size_last_edited=&#8221;on|phone&#8221; header_font_size_tablet=&#8221;50px&#8221; header_font_size_phone=&#8221;40px&#8221; header_font_size_last_edited=&#8221;on|phone&#8221; locked=&#8221;off&#8221;] AKTUALNO\u015aCI [\/et_pb_text][\/et_pb_column][\/et_pb_row][\/et_pb_section][et_pb_section fb_built=&#8221;1&#8243; admin_label=&#8221;Blog&#8221; _builder_version=&#8221;3.22&#8243; background_image=&#8221;https:\/\/pwlech.net\/wp01\/wp-content\/uploads\/2020\/03\/gardener-03.png&#8221; background_size=&#8221;initial&#8221; background_position=&#8221;bottom_right&#8221; custom_padding=&#8221;50px|0|50px|0px|false|false&#8221;][et_pb_row column_structure=&#8221;2_3,1_3&#8243; _builder_version=&#8221;3.25&#8243;][et_pb_column type=&#8221;2_3&#8243; _builder_version=&#8221;3.25&#8243; [&hellip;]<\/p>\n","protected":false},"author":2,"featured_media":0,"parent":0,"menu_order":0,"comment_status":"closed","ping_status":"closed","template":"","meta":{"_et_pb_use_builder":"on","_et_pb_old_content":"","_et_gb_content_width":"","footnotes":""},"class_list":["post-700","page","type-page","status-publish","hentry"],"_links":{"self":[{"href":"https:\/\/pwlech.net\/wp01\/wp-json\/wp\/v2\/pages\/700"}],"collection":[{"href":"https:\/\/pwlech.net\/wp01\/wp-json\/wp\/v2\/pages"}],"about":[{"href":"https:\/\/pwlech.net\/wp01\/wp-json\/wp\/v2\/types\/page"}],"author":[{"embeddable":true,"href":"https:\/\/pwlech.net\/wp01\/wp-json\/wp\/v2\/users\/2"}],"replies":[{"embeddable":true,"href":"https:\/\/pwlech.net\/wp01\/wp-json\/wp\/v2\/comments?post=700"}],"version-history":[{"count":15,"href":"https:\/\/pwlech.net\/wp01\/wp-json\/wp\/v2\/pages\/700\/revisions"}],"predecessor-version":[{"id":1493,"href":"https:\/\/pwlech.net\/wp01\/wp-json\/wp\/v2\/pages\/700\/revisions\/1493"}],"wp:attachment":[{"href":"https:\/\/pwlech.net\/wp01\/wp-json\/wp\/v2\/media?parent=700"}],"curies":[{"name":"wp","href":"https:\/\/api.w.org\/{rel}","templated":true}]}}