{"id":516,"date":"2020-04-27T11:51:43","date_gmt":"2020-04-27T09:51:43","guid":{"rendered":"https:\/\/pwlech.net\/wp01\/?page_id=516"},"modified":"2021-06-25T14:37:16","modified_gmt":"2021-06-25T12:37:16","slug":"o-firmie","status":"publish","type":"page","link":"https:\/\/pwlech.net\/wp01\/o-firmie\/","title":{"rendered":"O FIRMIE"},"content":{"rendered":"<p>[et_pb_section fb_built=&#8221;1&#8243; _builder_version=&#8221;4.4.1&#8243; background_color=&#8221;rgba(107,107,107,0.58)&#8221; use_background_color_gradient=&#8221;on&#8221; background_color_gradient_start=&#8221;rgba(0,0,0,0.65)&#8221; background_color_gradient_end=&#8221;rgba(29,38,0,0)&#8221; background_color_gradient_direction=&#8221;0deg&#8221; background_color_gradient_overlays_image=&#8221;on&#8221; background_image=&#8221;https:\/\/pwlech.net\/wp01\/wp-content\/uploads\/2021\/05\/per\u0142owa-scaled.jpg&#8221; custom_padding=&#8221;6vw|0px|6vw|0px|true|false&#8221; hover_enabled=&#8221;0&#8243;][et_pb_row _builder_version=&#8221;3.25&#8243;][et_pb_column type=&#8221;4_4&#8243; _builder_version=&#8221;3.25&#8243; custom_padding=&#8221;|||&#8221; custom_padding__hover=&#8221;|||&#8221;][et_pb_text _builder_version=&#8221;4.4.1&#8243; text_font=&#8221;||||||||&#8221; text_font_size=&#8221;18px&#8221; text_line_height=&#8221;2em&#8221; ul_font=&#8221;||||||||&#8221; ol_font=&#8221;||||||||&#8221; header_font=&#8221;Exo|700|||||||&#8221; header_font_size=&#8221;60px&#8221; header_line_height=&#8221;1.2em&#8221; header_2_font=&#8221;||||||||&#8221; header_3_font=&#8221;||||||||&#8221; header_4_font=&#8221;||||||||&#8221; header_5_font=&#8221;||||||||&#8221; header_6_font=&#8221;||||||||&#8221; text_orientation=&#8221;center&#8221; background_layout=&#8221;dark&#8221; max_width=&#8221;600px&#8221; module_alignment=&#8221;center&#8221; custom_margin=&#8221;|||&#8221; text_font_size_tablet=&#8221;&#8221; text_font_size_phone=&#8221;16px&#8221; text_font_size_last_edited=&#8221;on|phone&#8221; header_font_size_tablet=&#8221;50px&#8221; header_font_size_phone=&#8221;40px&#8221; header_font_size_last_edited=&#8221;on|phone&#8221; locked=&#8221;off&#8221;]<\/p>\n<h1>O FIRMIE<\/h1>\n<p>Przedsi\u0119biorstwo Wielobran\u017cowe \u201cLech\u201d Sp. z o.o. powsta\u0142o w 1988 roku i dzia\u0142a z powodzeniem nieprzerwanie na rynku krajowym i zagranicznym.<\/p>\n<p>[\/et_pb_text][\/et_pb_column][\/et_pb_row][\/et_pb_section][et_pb_section fb_built=&#8221;1&#8243; admin_label=&#8221;About&#8221; _builder_version=&#8221;4.4.1&#8243; background_image=&#8221;https:\/\/pwlech.net\/wp01\/wp-content\/uploads\/2020\/03\/gardener-03.png&#8221; background_size=&#8221;initial&#8221; background_position=&#8221;top_left&#8221; custom_margin=&#8221;||0px||false|false&#8221; custom_padding=&#8221;||0px||false|false&#8221;][et_pb_row column_structure=&#8221;1_2,1_2&#8243; _builder_version=&#8221;3.25&#8243; custom_padding=&#8221;27px|0px|0|0px|false|false&#8221; locked=&#8221;off&#8221;][et_pb_column type=&#8221;1_2&#8243; _builder_version=&#8221;3.25&#8243; custom_padding=&#8221;|||&#8221; custom_padding__hover=&#8221;|||&#8221;][et_pb_text _builder_version=&#8221;4.4.1&#8243; text_font=&#8221;||||||||&#8221; text_font_size=&#8221;16px&#8221; text_line_height=&#8221;2em&#8221; header_font=&#8221;||||||||&#8221; header_3_font=&#8221;|700||on|||||&#8221; header_3_font_size=&#8221;20px&#8221; header_3_letter_spacing=&#8221;1px&#8221; header_3_line_height=&#8221;1.7em&#8221; text_font_size_tablet=&#8221;&#8221; text_font_size_phone=&#8221;14px&#8221; text_font_size_last_edited=&#8221;on|phone&#8221; locked=&#8221;off&#8221;]<\/p>\n<p><strong>G\u0142\u00f3wnym przedmiotem dzia\u0142alno\u015bci przedsi\u0119biorstwa jest kompleksowe wykonawstwo obiekt\u00f3w budowlanych z zakresu budownictwa mieszkaniowego, u\u017cyteczno\u015bci publicznej, specjalistycznego (mi\u0119dzy innymi na potrzeby wojska i s\u0142u\u017cby zdrowia), a tak\u017ce rewitalizacji oraz renowacji budynk\u00f3w.<\/strong><\/p>\n<h3>LATA DO\u015aWIADCZE\u0143<\/h3>\n<p>Przedsi\u0119biorstwo Wielobran\u017cowe \u201cLech\u201d Sp. z o.o. powsta\u0142o w 1988 roku i dzia\u0142a z powodzeniem nieprzerwanie na rynku krajowym i zagranicznym.\u00a0\u00a0Posiadamy do\u015bwiadczenie w generalnym wykonawstwie rob\u00f3t budowlanych w zakresie budowy osiedli mieszkaniowych, obiekt\u00f3w wojskowych, u\u017cyteczno\u015bci publicznej oraz dla potrzeb s\u0142u\u017cby zdrowia i kultu religijnego i renowacji zabytk\u00f3w. Prowadzimy r\u00f3wnie\u017c dzia\u0142alno\u015b\u0107 dewelopersk\u0105 w obszarze budownictwa mieszkaniowego.<\/p>\n<p>&nbsp;<\/p>\n<p>[\/et_pb_text][\/et_pb_column][et_pb_column type=&#8221;1_2&#8243; _builder_version=&#8221;3.25&#8243; custom_padding=&#8221;|||&#8221; custom_padding__hover=&#8221;|||&#8221;][et_pb_image src=&#8221;https:\/\/pwlech.net\/wp01\/wp-content\/uploads\/2020\/04\/paryskie-1.jpg&#8221; align_tablet=&#8221;center&#8221; align_phone=&#8221;&#8221; align_last_edited=&#8221;on|desktop&#8221; _builder_version=&#8221;4.4.1&#8243; custom_margin=&#8221;||0px|&#8221; animation_style=&#8221;slide&#8221; animation_direction=&#8221;top&#8221; animation_intensity_slide=&#8221;2%&#8221;][\/et_pb_image][et_pb_image src=&#8221;https:\/\/pwlech.net\/wp01\/wp-content\/uploads\/2020\/03\/gardener-01.png&#8221; align=&#8221;center&#8221; _builder_version=&#8221;4.4.1&#8243; background_enable_color=&#8221;off&#8221; use_background_color_gradient=&#8221;on&#8221; background_color_gradient_start=&#8221;rgba(0,0,0,0.61)&#8221; background_color_gradient_end=&#8221;rgba(255,255,255,0.7)&#8221; background_color_gradient_direction=&#8221;135deg&#8221; max_width=&#8221;146px&#8221; module_alignment=&#8221;right&#8221; always_center_on_mobile=&#8221;off&#8221; locked=&#8221;off&#8221;][\/et_pb_image][\/et_pb_column][\/et_pb_row][\/et_pb_section][et_pb_section fb_built=&#8221;1&#8243; disabled_on=&#8221;off|off|off&#8221; admin_label=&#8221;our Work&#8221; _builder_version=&#8221;4.4.1&#8243; custom_margin=&#8221;-50px||0px||false|false&#8221; custom_padding=&#8221;0px||0px||false|false&#8221;][et_pb_row column_structure=&#8221;1_2,1_2&#8243; use_custom_gutter=&#8221;on&#8221; gutter_width=&#8221;1&#8243; make_equal=&#8221;on&#8221; padding_left_right_link_2=&#8221;true&#8221; module_class=&#8221; et_pb_row_fullwidth&#8221; _builder_version=&#8221;4.4.1&#8243; width=&#8221;100%&#8221; width_tablet=&#8221;100%&#8221; width_phone=&#8221;&#8221; width_last_edited=&#8221;on|desktop&#8221; max_width=&#8221;100%&#8221; max_width_tablet=&#8221;100%&#8221; max_width_phone=&#8221;&#8221; max_width_last_edited=&#8221;on|desktop&#8221; custom_padding=&#8221;0|0px|0|0px|false|false&#8221; make_fullwidth=&#8221;on&#8221; locked=&#8221;off&#8221;][et_pb_column type=&#8221;1_2&#8243; _builder_version=&#8221;4.4.1&#8243; background_video_mp4=&#8221;https:\/\/pwlech.net\/wp01\/wp-content\/uploads\/2020\/05\/lech-film.mp4&#8243; custom_padding=&#8221;|||&#8221; custom_padding__hover=&#8221;|||&#8221;][\/et_pb_column][et_pb_column type=&#8221;1_2&#8243; _builder_version=&#8221;4.4.1&#8243; background_enable_video_mp4=&#8221;off&#8221; custom_padding=&#8221;60px|8%||8%&#8221; custom_padding_tablet=&#8221;|10%||10%||true&#8221; custom_padding_phone=&#8221;&#8221; custom_padding_last_edited=&#8221;on|tablet&#8221; padding_tablet=&#8221;|10%||10%||true&#8221; padding_last_edited=&#8221;on|tablet&#8221; custom_padding__hover=&#8221;|||&#8221;][et_pb_text _builder_version=&#8221;4.4.1&#8243; text_font=&#8221;||||||||&#8221; text_font_size=&#8221;16px&#8221; text_line_height=&#8221;2em&#8221; header_2_font=&#8221;Cormorant Garamond|700|||||||&#8221; header_2_font_size=&#8221;52px&#8221; header_2_line_height=&#8221;1.2em&#8221; custom_margin=&#8221;||40px|&#8221; text_font_size_tablet=&#8221;&#8221; text_font_size_phone=&#8221;14px&#8221; text_font_size_last_edited=&#8221;on|phone&#8221; header_2_font_size_tablet=&#8221;42px&#8221; header_2_font_size_phone=&#8221;32px&#8221; header_2_font_size_last_edited=&#8221;on|desktop&#8221; locked=&#8221;off&#8221;]<\/p>\n<h3><strong>ROZW\u00d3J FIRMY<\/strong><\/h3>\n<p>Wynika mi\u0119dzy innymi ze zr\u00f3wnowa\u017conej polityki personalnej. Obok do\u015bwiadczonej kadry kierowniczej, LECH zatrudnia wy\u0142\u0105cznie wysoko wykwalifikowanych pracownik\u00f3w budowlanych. To w\u0142a\u015bnie dzi\u0119ki nim oraz stawiaj\u0105c na jako\u015b\u0107 i bezpiecze\u0144stwo przy realizacjach bud\u00f3w mo\u017cemy konkurowa\u0107 z innymi przedsi\u0119biorstwami.<\/p>\n<p>[\/et_pb_text][et_pb_button button_url=&#8221;https:\/\/pwlech.net\/wp01\/realizacje&#8221; button_text=&#8221;zobacz nasze realizacje&#8221; _builder_version=&#8221;4.4.1&#8243; custom_button=&#8221;on&#8221; button_text_size=&#8221;16px&#8221; button_bg_color=&#8221;#fcdc19&#8243; button_border_width=&#8221;0px&#8221; button_border_radius=&#8221;0px&#8221; button_letter_spacing=&#8221;2px&#8221; button_font=&#8221;|700||on|||||&#8221; button_icon=&#8221;%%3%%&#8221; background_layout=&#8221;dark&#8221; custom_margin=&#8221;40px|||&#8221; custom_margin_tablet=&#8221;||90px|&#8221; custom_margin_phone=&#8221;||90px|&#8221; custom_margin_last_edited=&#8221;on|tablet&#8221; custom_padding=&#8221;16px|40px|16px|40px|true|true&#8221; button_text_size__hover_enabled=&#8221;off&#8221; button_one_text_size__hover_enabled=&#8221;off&#8221; button_two_text_size__hover_enabled=&#8221;off&#8221; button_text_color__hover_enabled=&#8221;off&#8221; button_one_text_color__hover_enabled=&#8221;off&#8221; button_two_text_color__hover_enabled=&#8221;off&#8221; button_border_width__hover_enabled=&#8221;off&#8221; button_one_border_width__hover_enabled=&#8221;off&#8221; button_two_border_width__hover_enabled=&#8221;off&#8221; button_border_color__hover_enabled=&#8221;off&#8221; button_one_border_color__hover_enabled=&#8221;off&#8221; button_two_border_color__hover_enabled=&#8221;off&#8221; button_border_radius__hover_enabled=&#8221;off&#8221; button_one_border_radius__hover_enabled=&#8221;off&#8221; button_two_border_radius__hover_enabled=&#8221;off&#8221; button_letter_spacing__hover_enabled=&#8221;off&#8221; button_one_letter_spacing__hover_enabled=&#8221;off&#8221; button_two_letter_spacing__hover_enabled=&#8221;off&#8221; button_bg_color__hover_enabled=&#8221;on|hover&#8221; button_one_bg_color__hover_enabled=&#8221;off&#8221; button_two_bg_color__hover_enabled=&#8221;off&#8221; button_bg_color__hover=&#8221;#e09900&#8243; button_bg_enable_color__hover=&#8221;on&#8221;][\/et_pb_button][\/et_pb_column][\/et_pb_row][\/et_pb_section][et_pb_section fb_built=&#8221;1&#8243; disabled_on=&#8221;on|on|on&#8221; admin_label=&#8221;Feature&#8221; _builder_version=&#8221;4.4.1&#8243; custom_margin=&#8221;0px||||false|false&#8221; custom_padding=&#8221;0px||||false|false&#8221; disabled=&#8221;on&#8221; ab_subject=&#8221;on&#8221; ab_subject_id=&#8221;1&#8243;][et_pb_row disabled_on=&#8221;on|on|on&#8221; _builder_version=&#8221;3.25&#8243; custom_padding=&#8221;0|0px|0|0px|false|false&#8221; disabled=&#8221;on&#8221;][et_pb_column type=&#8221;4_4&#8243; _builder_version=&#8221;3.25&#8243; custom_padding=&#8221;|||&#8221; custom_padding__hover=&#8221;|||&#8221;][et_pb_image src=&#8221;https:\/\/pwlech.net\/wp01\/wp-content\/uploads\/2020\/03\/gardener-01.png&#8221; align=&#8221;center&#8221; _builder_version=&#8221;3.23&#8243; use_background_color_gradient=&#8221;on&#8221; background_color_gradient_start=&#8221;#ffffff&#8221; background_color_gradient_end=&#8221;#e8e8e8&#8243; background_color_gradient_direction=&#8221;135deg&#8221; max_width=&#8221;146px&#8221; module_alignment=&#8221;right&#8221; custom_margin=&#8221;|||&#8221; always_center_on_mobile=&#8221;off&#8221;][\/et_pb_image][\/et_pb_column][\/et_pb_row][et_pb_row column_structure=&#8221;2_3,1_3&#8243; custom_padding_last_edited=&#8221;on|phone&#8221; disabled_on=&#8221;on|on|on&#8221; _builder_version=&#8221;4.4.1&#8243; background_image=&#8221;https:\/\/pwlech.net\/wp01\/wp-content\/uploads\/2020\/03\/dworzec-PKP-1.jpg&#8221; background_position=&#8221;bottom_right&#8221; custom_margin=&#8221;||50px|&#8221; custom_margin_tablet=&#8221;||0px|&#8221; custom_margin_phone=&#8221;&#8221; custom_margin_last_edited=&#8221;on|tablet&#8221; custom_padding=&#8221;10vw|0px|0|0px|false|false&#8221; custom_padding_tablet=&#8221;&#8221; custom_padding_phone=&#8221;200px|||&#8221; disabled=&#8221;on&#8221; locked=&#8221;off&#8221;][et_pb_column type=&#8221;2_3&#8243; _builder_version=&#8221;3.25&#8243; custom_padding=&#8221;|||&#8221; custom_padding__hover=&#8221;|||&#8221;][et_pb_text _builder_version=&#8221;4.4.1&#8243; text_font=&#8221;||||||||&#8221; text_line_height=&#8221;2em&#8221; header_font=&#8221;||||||||&#8221; header_4_font=&#8221;Exo|600|||||||&#8221; header_4_font_size=&#8221;30px&#8221; header_4_line_height=&#8221;1.2em&#8221; background_color=&#8221;#ffffff&#8221; max_width_tablet=&#8221;90%&#8221; max_width_phone=&#8221;100%&#8221; max_width_last_edited=&#8221;off|desktop&#8221; module_alignment=&#8221;right&#8221; custom_margin=&#8221;|||&#8221; custom_padding=&#8221;45px|45px|45px|45px|true|true&#8221; animation_style=&#8221;slide&#8221; animation_direction=&#8221;left&#8221; animation_intensity_slide=&#8221;4%&#8221; animation_starting_opacity=&#8221;100%&#8221; header_4_font_size_tablet=&#8221;&#8221; header_4_font_size_phone=&#8221;30px&#8221; header_4_font_size_last_edited=&#8221;on|phone&#8221; locked=&#8221;off&#8221;]<\/p>\n<blockquote>\n<h4>Etiam porta sem malesuaVivamus sagittis lacus vel augue. Lorem ispume Dolor amet sit!<\/h4>\n<\/blockquote>\n<p>Vivamus sagittis lacus vel augue laoreet rutrum faucibus dolor auctor. Etiam porta sem malesuaVivamus sagittis lacus vel augue laoreet rutrum faucibus dolor auctor. Etiam porta sem malesuaVivamus sagittis lacus vel augue<\/p>\n<p>[\/et_pb_text][\/et_pb_column][et_pb_column type=&#8221;1_3&#8243; _builder_version=&#8221;3.25&#8243; custom_padding=&#8221;|||&#8221; custom_padding__hover=&#8221;|||&#8221;][\/et_pb_column][\/et_pb_row][\/et_pb_section][et_pb_section fb_built=&#8221;1&#8243; _builder_version=&#8221;4.4.1&#8243; background_color=&#8221;#000000&#8243; background_enable_image=&#8221;off&#8221; global_module=&#8221;501&#8243; saved_tabs=&#8221;all&#8221;][et_pb_row column_structure=&#8221;1_4,1_4,1_4,1_4&#8243; _builder_version=&#8221;4.4.1&#8243;][et_pb_column type=&#8221;1_4&#8243; _builder_version=&#8221;4.4.1&#8243;][et_pb_image src=&#8221;https:\/\/pwlech.net\/wp01\/wp-content\/uploads\/2020\/03\/lech-logo-footer.png&#8221; _builder_version=&#8221;4.4.1&#8243;][\/et_pb_image][et_pb_image src=&#8221;https:\/\/pwlech.net\/wp01\/wp-content\/uploads\/2020\/03\/logo_innowacyjna-2.png&#8221; _builder_version=&#8221;4.4.1&#8243;][\/et_pb_image][et_pb_image src=&#8221;https:\/\/pwlech.net\/wp01\/wp-content\/uploads\/2020\/03\/logo_ue-2.png&#8221; _builder_version=&#8221;4.4.1&#8243;][\/et_pb_image][\/et_pb_column][et_pb_column type=&#8221;1_4&#8243; _builder_version=&#8221;4.4.1&#8243;][et_pb_text _builder_version=&#8221;4.4.1&#8243; background_layout=&#8221;dark&#8221;]<\/p>\n<div class=\"f-header\"><strong>Centrala:<\/strong><\/div>\n<div class=\"address\">P. W. LECH Sp. z o.o.<br \/>ul. Smole\u0144ska 1A<br \/>85-833 Bydgoszcz<\/div>\n<p>[\/et_pb_text][et_pb_text _builder_version=&#8221;4.4.1&#8243; link_text_color=&#8221;#ffffff&#8221;]<\/p>\n<ul>\n<li><a href=\"https:\/\/pwlech.net\/wp01\/polityka-prywatnosci\/\">Polityka prywatno\u015bci<\/a><\/li>\n<li><a href=\"https:\/\/pwlech.net\/wp01\/informacje-o-przetwarzaniu-danych-osobowych\/\">Informacje o przetwarzaniu danych osobowych<\/a><\/li>\n<\/ul>\n<p>[\/et_pb_text][\/et_pb_column][et_pb_column type=&#8221;1_4&#8243; _builder_version=&#8221;4.4.1&#8243;][et_pb_text _builder_version=&#8221;4.4.1&#8243; background_layout=&#8221;dark&#8221;]<\/p>\n<div class=\"f-header\"><strong>Kontakt:<\/strong><\/div>\n<div class=\"row\">\n<div class=\"col-xs-6 col-sm-6 col-md-4\">\n<div class=\"box-salons\">\n<p>tel. (52) 363 49 50<br \/>tel. (52) 362 92 54<br \/>e-mail: lech@pwlech.net<\/p>\n<p>Pon &#8211; Pt: 7:30 &#8211; 15:30<\/p>\n<p><strong>Sprzeda\u017c Mieszka\u0144:<\/strong> <br \/>Pon &#8211; Pt: 7:30 &#8211; 15:30 <br \/>tel. 607 822 295<\/div>\n<\/div>\n<\/div>\n<p>[\/et_pb_text][\/et_pb_column][et_pb_column type=&#8221;1_4&#8243; _builder_version=&#8221;4.4.1&#8243;][et_pb_text _builder_version=&#8221;4.4.1&#8243; background_layout=&#8221;dark&#8221;]<\/p>\n<p>NIP: 554-023-51-23<br \/>REGON 008409964<br \/>S\u0105d Rejonowy w Bydgoszczy XIII Wydzia\u0142 Gospodarczy<br \/>KRS 0000089524<br \/>Kapita\u0142 Zak\u0142adowy 100.000 z\u0142<\/p>\n<p>[\/et_pb_text][\/et_pb_column][\/et_pb_row][\/et_pb_section]<\/p>\n","protected":false},"excerpt":{"rendered":"<p>[et_pb_section fb_built=&#8221;1&#8243; _builder_version=&#8221;4.4.1&#8243; background_color=&#8221;rgba(107,107,107,0.58)&#8221; use_background_color_gradient=&#8221;on&#8221; background_color_gradient_start=&#8221;rgba(0,0,0,0.65)&#8221; background_color_gradient_end=&#8221;rgba(29,38,0,0)&#8221; background_color_gradient_direction=&#8221;0deg&#8221; background_color_gradient_overlays_image=&#8221;on&#8221; background_image=&#8221;https:\/\/pwlech.net\/wp01\/wp-content\/uploads\/2021\/05\/per\u0142owa-scaled.jpg&#8221; custom_padding=&#8221;6vw|0px|6vw|0px|true|false&#8221; hover_enabled=&#8221;0&#8243;][et_pb_row _builder_version=&#8221;3.25&#8243;][et_pb_column type=&#8221;4_4&#8243; _builder_version=&#8221;3.25&#8243; custom_padding=&#8221;|||&#8221; custom_padding__hover=&#8221;|||&#8221;][et_pb_text _builder_version=&#8221;4.4.1&#8243; text_font=&#8221;||||||||&#8221; text_font_size=&#8221;18px&#8221; text_line_height=&#8221;2em&#8221; ul_font=&#8221;||||||||&#8221; ol_font=&#8221;||||||||&#8221; header_font=&#8221;Exo|700|||||||&#8221; header_font_size=&#8221;60px&#8221; header_line_height=&#8221;1.2em&#8221; header_2_font=&#8221;||||||||&#8221; header_3_font=&#8221;||||||||&#8221; header_4_font=&#8221;||||||||&#8221; header_5_font=&#8221;||||||||&#8221; header_6_font=&#8221;||||||||&#8221; text_orientation=&#8221;center&#8221; background_layout=&#8221;dark&#8221; max_width=&#8221;600px&#8221; module_alignment=&#8221;center&#8221; custom_margin=&#8221;|||&#8221; text_font_size_tablet=&#8221;&#8221; text_font_size_phone=&#8221;16px&#8221; text_font_size_last_edited=&#8221;on|phone&#8221; header_font_size_tablet=&#8221;50px&#8221; header_font_size_phone=&#8221;40px&#8221; header_font_size_last_edited=&#8221;on|phone&#8221; locked=&#8221;off&#8221;] O FIRMIE Przedsi\u0119biorstwo Wielobran\u017cowe \u201cLech\u201d Sp. z o.o. powsta\u0142o w 1988 roku [&hellip;]<\/p>\n","protected":false},"author":2,"featured_media":0,"parent":0,"menu_order":0,"comment_status":"closed","ping_status":"closed","template":"","meta":{"_et_pb_use_builder":"on","_et_pb_old_content":"","_et_gb_content_width":"","footnotes":""},"class_list":["post-516","page","type-page","status-publish","hentry"],"_links":{"self":[{"href":"https:\/\/pwlech.net\/wp01\/wp-json\/wp\/v2\/pages\/516"}],"collection":[{"href":"https:\/\/pwlech.net\/wp01\/wp-json\/wp\/v2\/pages"}],"about":[{"href":"https:\/\/pwlech.net\/wp01\/wp-json\/wp\/v2\/types\/page"}],"author":[{"embeddable":true,"href":"https:\/\/pwlech.net\/wp01\/wp-json\/wp\/v2\/users\/2"}],"replies":[{"embeddable":true,"href":"https:\/\/pwlech.net\/wp01\/wp-json\/wp\/v2\/comments?post=516"}],"version-history":[{"count":32,"href":"https:\/\/pwlech.net\/wp01\/wp-json\/wp\/v2\/pages\/516\/revisions"}],"predecessor-version":[{"id":1543,"href":"https:\/\/pwlech.net\/wp01\/wp-json\/wp\/v2\/pages\/516\/revisions\/1543"}],"wp:attachment":[{"href":"https:\/\/pwlech.net\/wp01\/wp-json\/wp\/v2\/media?parent=516"}],"curies":[{"name":"wp","href":"https:\/\/api.w.org\/{rel}","templated":true}]}}